{"id":4118,"date":"2022-05-14T15:18:13","date_gmt":"2022-05-14T14:18:13","guid":{"rendered":"https:\/\/www.lamborena.com\/?page_id=4118"},"modified":"2022-05-14T15:18:14","modified_gmt":"2022-05-14T14:18:14","slug":"birdwatching","status":"publish","type":"page","link":"https:\/\/www.lamborena.com\/?page_id=4118","title":{"rendered":"Birdwatching"},"content":{"rendered":"\n<p>Hace un tiempo que empec\u00e9 a observar aves como medio de relajaci\u00f3n. Siempre me han gustado y recientemente me he puesto a indagar sobre ellas y a intentar comprender ese fascinante mundo que componen las distintas especies. <\/p>\n\n\n\n<p>Nada como buscar una buena gu\u00eda y unos prism\u00e1ticos para empezar. Con el paso del tiempo, el inter\u00e9s crece y comienzas a poner comederos y bebederos a las aves en el jard\u00edn y empiezas a visitar enclaves frecuentados por distintas especies. Toda ayuda es poca y terminas haci\u00e9ndote con un telescopio terrestre para observar desde la distancia intentando perturbar lo menos posible a las aves.<\/p>\n\n\n\n<p>En eso estoy ahora, observando y aprendiendo a fotografiar y grabar con la c\u00e1mara del tel\u00e9fono a trav\u00e9s del telescopio. Es un campo apasionante, la verdad&#8230;<\/p>\n\n\n\n<div class=\"wp-block-group\"><div class=\"wp-block-group__inner-container is-layout-flow wp-block-group-is-layout-flow\">\n<figure class=\"wp-block-gallery has-nested-images columns-default is-cropped wp-block-gallery-1 is-layout-flex wp-block-gallery-is-layout-flex\">\n<figure class=\"wp-block-image size-medium\"><a href=\"https:\/\/www.lamborena.com\/wp-content\/uploads\/2022\/05\/IMG_2804-scaled.jpeg\"><img loading=\"lazy\" decoding=\"async\" width=\"225\" height=\"300\" data-id=\"4119\" src=\"https:\/\/www.lamborena.com\/wp-content\/uploads\/2022\/05\/IMG_2804-225x300.jpeg\" alt=\"\" class=\"wp-image-4119\" srcset=\"https:\/\/www.lamborena.com\/wp-content\/uploads\/2022\/05\/IMG_2804-225x300.jpeg 225w, https:\/\/www.lamborena.com\/wp-content\/uploads\/2022\/05\/IMG_2804-768x1024.jpeg 768w, https:\/\/www.lamborena.com\/wp-content\/uploads\/2022\/05\/IMG_2804-1152x1536.jpeg 1152w, https:\/\/www.lamborena.com\/wp-content\/uploads\/2022\/05\/IMG_2804-1536x2048.jpeg 1536w, https:\/\/www.lamborena.com\/wp-content\/uploads\/2022\/05\/IMG_2804-scaled.jpeg 1920w\" sizes=\"auto, (max-width: 225px) 100vw, 225px\" \/><\/a><\/figure>\n\n\n\n<figure class=\"wp-block-image size-medium\"><a href=\"https:\/\/www.lamborena.com\/wp-content\/uploads\/2022\/05\/IMG_2801-1-scaled.jpeg\"><img loading=\"lazy\" decoding=\"async\" width=\"768\" height=\"1024\" data-id=\"4121\" src=\"https:\/\/www.lamborena.com\/wp-content\/uploads\/2022\/05\/IMG_2801-1-768x1024.jpeg\" alt=\"\" class=\"wp-image-4121\" srcset=\"https:\/\/www.lamborena.com\/wp-content\/uploads\/2022\/05\/IMG_2801-1-768x1024.jpeg 768w, https:\/\/www.lamborena.com\/wp-content\/uploads\/2022\/05\/IMG_2801-1-225x300.jpeg 225w, https:\/\/www.lamborena.com\/wp-content\/uploads\/2022\/05\/IMG_2801-1-1152x1536.jpeg 1152w, https:\/\/www.lamborena.com\/wp-content\/uploads\/2022\/05\/IMG_2801-1-1536x2048.jpeg 1536w, https:\/\/www.lamborena.com\/wp-content\/uploads\/2022\/05\/IMG_2801-1-scaled.jpeg 1920w\" sizes=\"auto, (max-width: 768px) 100vw, 768px\" \/><\/a><\/figure>\n<\/figure>\n<\/div><\/div>\n\n\n\n<div class=\"wp-block-group\"><div class=\"wp-block-group__inner-container is-layout-flow wp-block-group-is-layout-flow\"><\/div><\/div>\n","protected":false},"excerpt":{"rendered":"<p>Hace un tiempo que empec\u00e9 a observar aves como medio de relajaci\u00f3n. Siempre me han gustado y recientemente me he puesto a indagar sobre ellas y a intentar comprender ese fascinante mundo que componen las distintas especies. Nada como buscar una buena gu\u00eda y unos prism\u00e1ticos para empezar. Con el paso del tiempo, el inter\u00e9s [&hellip;]<\/p>\n","protected":false},"author":1,"featured_media":0,"parent":0,"menu_order":0,"comment_status":"closed","ping_status":"closed","template":"","meta":{"ngg_post_thumbnail":0,"footnotes":""},"class_list":["post-4118","page","type-page","status-publish","hentry","entry"],"_links":{"self":[{"href":"https:\/\/www.lamborena.com\/index.php?rest_route=\/wp\/v2\/pages\/4118","targetHints":{"allow":["GET"]}}],"collection":[{"href":"https:\/\/www.lamborena.com\/index.php?rest_route=\/wp\/v2\/pages"}],"about":[{"href":"https:\/\/www.lamborena.com\/index.php?rest_route=\/wp\/v2\/types\/page"}],"author":[{"embeddable":true,"href":"https:\/\/www.lamborena.com\/index.php?rest_route=\/wp\/v2\/users\/1"}],"replies":[{"embeddable":true,"href":"https:\/\/www.lamborena.com\/index.php?rest_route=%2Fwp%2Fv2%2Fcomments&post=4118"}],"version-history":[{"count":1,"href":"https:\/\/www.lamborena.com\/index.php?rest_route=\/wp\/v2\/pages\/4118\/revisions"}],"predecessor-version":[{"id":4123,"href":"https:\/\/www.lamborena.com\/index.php?rest_route=\/wp\/v2\/pages\/4118\/revisions\/4123"}],"wp:attachment":[{"href":"https:\/\/www.lamborena.com\/index.php?rest_route=%2Fwp%2Fv2%2Fmedia&parent=4118"}],"curies":[{"name":"wp","href":"https:\/\/api.w.org\/{rel}","templated":true}]}}