{"id":45,"date":"2008-08-06T23:28:27","date_gmt":"2008-08-06T21:28:27","guid":{"rendered":"http:\/\/www.lamborena.com\/?page_id=45"},"modified":"2022-01-13T23:46:50","modified_gmt":"2022-01-13T22:46:50","slug":"privacidad","status":"publish","type":"page","link":"https:\/\/www.lamborena.com\/?page_id=45","title":{"rendered":"Privacidad"},"content":{"rendered":"<p style=\"text-align: justify;\">Todas&nbsp;mis fotograf\u00edas est\u00e1n protegidas por la ley de Propiedad Intelectual. Est\u00e1 totalmente prohibida la reproducci\u00f3n total o parcial en cualquier medio sin el previo consentimiento por escrito del autor.<\/p>\n<p style=\"text-align: justify;\">Nire argazki guztiak Jabetza Intelektualaren Legeak babesten ditu. Erabat debekaturik dago egilearen idatzizko baimenik gabe beroriek osorik edo partzialki inon erreproduzitu zein erabiltzea.<\/p>\n<p style=\"text-align: center;\"><strong>Copyright Andoni Lamborena 2022<\/strong><\/p>\n","protected":false},"excerpt":{"rendered":"<p>Todas&nbsp;mis fotograf\u00edas est\u00e1n protegidas por la ley de Propiedad Intelectual. Est\u00e1 totalmente prohibida la reproducci\u00f3n total o parcial en cualquier medio sin el previo consentimiento por escrito del autor. Nire argazki guztiak Jabetza Intelektualaren Legeak babesten ditu. Erabat debekaturik dago egilearen idatzizko baimenik gabe beroriek osorik edo partzialki inon erreproduzitu zein erabiltzea. Copyright Andoni Lamborena [&hellip;]<\/p>\n","protected":false},"author":1,"featured_media":0,"parent":0,"menu_order":7,"comment_status":"closed","ping_status":"closed","template":"","meta":{"ngg_post_thumbnail":0,"footnotes":""},"class_list":["post-45","page","type-page","status-publish","hentry","entry"],"_links":{"self":[{"href":"https:\/\/www.lamborena.com\/index.php?rest_route=\/wp\/v2\/pages\/45","targetHints":{"allow":["GET"]}}],"collection":[{"href":"https:\/\/www.lamborena.com\/index.php?rest_route=\/wp\/v2\/pages"}],"about":[{"href":"https:\/\/www.lamborena.com\/index.php?rest_route=\/wp\/v2\/types\/page"}],"author":[{"embeddable":true,"href":"https:\/\/www.lamborena.com\/index.php?rest_route=\/wp\/v2\/users\/1"}],"replies":[{"embeddable":true,"href":"https:\/\/www.lamborena.com\/index.php?rest_route=%2Fwp%2Fv2%2Fcomments&post=45"}],"version-history":[{"count":7,"href":"https:\/\/www.lamborena.com\/index.php?rest_route=\/wp\/v2\/pages\/45\/revisions"}],"predecessor-version":[{"id":3967,"href":"https:\/\/www.lamborena.com\/index.php?rest_route=\/wp\/v2\/pages\/45\/revisions\/3967"}],"wp:attachment":[{"href":"https:\/\/www.lamborena.com\/index.php?rest_route=%2Fwp%2Fv2%2Fmedia&parent=45"}],"curies":[{"name":"wp","href":"https:\/\/api.w.org\/{rel}","templated":true}]}}