{"id":5,"date":"2008-06-06T22:18:06","date_gmt":"2008-06-06T22:18:06","guid":{"rendered":"http:\/\/lamborena.com\/?page_id=5"},"modified":"2014-07-22T07:31:09","modified_gmt":"2014-07-22T06:31:09","slug":"mi-equipo","status":"publish","type":"page","link":"https:\/\/www.lamborena.com\/?page_id=5","title":{"rendered":"Equipo"},"content":{"rendered":"<p style=\"text-align: justify;\">Di mis primeros pasos en fotograf\u00eda con una c\u00e1mara compacta de carrete APS que mi primo Gorka nos regal\u00f3 a Elena y a mi al casarnos. Aquello fue la chispa que encendi\u00f3 la mecha. Tras esa primera experiencia y con la llegada del mundo digital, me hice con una modesta Pentax Optio 555 con controles manuales con la que se puede decir que empec\u00e9 a conocer el mundo de la fotograf\u00eda.<\/p>\n<p style=\"text-align: justify;\">Fue en junio del a\u00f1o 2006 cuando di por fin el salto al mundo DSLR de la mano de una Canon EOS 30d. Adquir\u00ed esta c\u00e1mara junto con un modesto Canon EF-S 17-85 y un polarizador y vi como el mundo de la fotograf\u00eda me enganchaba cada vez m\u00e1s. En septiembre de ese a\u00f1o ampli\u00e9 mi equipo con un Canon EF 70-200 F2&#8217;8-L, un teleobjetivo con un rendimiento fant\u00e1stico, que nunca deja de sorprenderme. En Navidad de ese mismo a\u00f1o, un flash Canon EX 580 pasar\u00eda a engrosar mi equipo.<\/p>\n<p style=\"text-align: justify;\">En julio de 2008 descubr\u00ed el mundo del gran angular cuando por mi cumplea\u00f1os me regalaron un Sigma 10-20 EX-DC F4-5&#8217;6 HSM. Una maravilla de objetivo con el que termin\u00e9 por entusiasmarme con el mundo de los paisajes. Pese a esa definici\u00f3n de preferencias tan marcada, en invierno de 2008 adquir\u00ed un set de flashes de estudio con los que disfruto mucho haciendo breves sesiones a los peques de la casa.<\/p>\n<p style=\"text-align: justify;\">El \u00faltimo gran cambio en mi equipo se produjo en 2010, cuando decid\u00ed dar el salto al formato completo, Full Frame, y cambi\u00e9 mi querida 30d por una EOS 5d Mark II. Ese cambio me forz\u00f3 a deshacerme tanto del 17-85 como del Sigma 10-20, que fueron sustitu\u00eddos por un Canon EF 17-40 F4.L. El 70-200, como no, sigue en mi mochila. En 2010, adquir\u00ed un 50mm F1&#8217;4 de la conocida marca Zeiss con montura Contax\/Yashica, completamente manual y que mediante adaptador funciona de maravilla en la Canon. En marzo de 2011 me hice con el todoterreno por excelencia para FF de Canon, el 24-105 F4-L IS.<\/p>\n<p style=\"text-align: justify;\">Hablando de mochilas, he usado varias hasta dar con la que uso ahora. He pasado por varios modelos de Lowepro hasta terminar con una Kata HB-205. A parte de esta mochila, tambi\u00e9n utilizo una bandolera T 214 o una bolsa de reportero WS 604, ambas de la misma marca Kata.<\/p>\n<p style=\"text-align: justify;\">En cuanto a la estabilidad se refiere, utilizo dos tr\u00edpodes. Un Manfrotto 190MF4 de carbono equipado con una r\u00f3tula de bola Triopo B-2 y un Feisol FT 3372LV con r\u00f3tula Feisol CB 50DC. El Manfrotto es m\u00e1s peque\u00f1o y manejable para situaciones en las que el peso es importante, pero el Feisol se impone en estabilidad, robustez y altura. Para completar el equipo, utilizo desde recientes fechas una L-bracket de la marca norteamericana RRS, la cual da una estabilidad y versatilidad sobresalientes.<\/p>\n<p style=\"text-align: justify;\">Desde 2008 vengo utilizando filtros degradados de la marca brit\u00e1nica Formatt, concretamente los Hitech. Desde abril de 2011 tambi\u00e9n utilizo filtros degradados neutros de la marca Lee, as\u00ed como filtros de densidad neutra de la misma marca. En estos momentos cuento con dos juegos completos de filtros degradados neutros, uno de Lee y otro de Hitech, tanto de transici\u00f3n dura como suave en ambas marcas. En cuanto a los degradados inversos, utilizo el Singh Ray de 3 pasos y los Hitech de 2 y 3 pasos. En lo que a filtros de rosca se refiere, he utilizado varios polarizadores de distintas marcas, como Rodenstock, Hoya, Singh Ray o B+W, as\u00ed como filtros de densidad neutra tambi\u00e9n de Hoya, B+W y Hitech.<\/p>\n<p style=\"text-align: justify;\">Si alguien estuviera interesado en mis impresiones sobre cualquiera de estos componentes del equipo, le responder\u00e9 gustoso en el blog.<\/p>\n","protected":false},"excerpt":{"rendered":"<p>Di mis primeros pasos en fotograf\u00eda con una c\u00e1mara compacta de carrete APS que mi primo Gorka nos regal\u00f3 a Elena y a mi al casarnos. Aquello fue la chispa que encendi\u00f3 la mecha. Tras esa primera experiencia y con la llegada del mundo digital, me hice con una modesta Pentax Optio 555 con controles [&hellip;]<\/p>\n","protected":false},"author":1,"featured_media":0,"parent":0,"menu_order":3,"comment_status":"closed","ping_status":"closed","template":"","meta":{"ngg_post_thumbnail":0,"footnotes":""},"class_list":["post-5","page","type-page","status-publish","hentry","entry"],"_links":{"self":[{"href":"https:\/\/www.lamborena.com\/index.php?rest_route=\/wp\/v2\/pages\/5","targetHints":{"allow":["GET"]}}],"collection":[{"href":"https:\/\/www.lamborena.com\/index.php?rest_route=\/wp\/v2\/pages"}],"about":[{"href":"https:\/\/www.lamborena.com\/index.php?rest_route=\/wp\/v2\/types\/page"}],"author":[{"embeddable":true,"href":"https:\/\/www.lamborena.com\/index.php?rest_route=\/wp\/v2\/users\/1"}],"replies":[{"embeddable":true,"href":"https:\/\/www.lamborena.com\/index.php?rest_route=%2Fwp%2Fv2%2Fcomments&post=5"}],"version-history":[{"count":8,"href":"https:\/\/www.lamborena.com\/index.php?rest_route=\/wp\/v2\/pages\/5\/revisions"}],"predecessor-version":[{"id":1104,"href":"https:\/\/www.lamborena.com\/index.php?rest_route=\/wp\/v2\/pages\/5\/revisions\/1104"}],"wp:attachment":[{"href":"https:\/\/www.lamborena.com\/index.php?rest_route=%2Fwp%2Fv2%2Fmedia&parent=5"}],"curies":[{"name":"wp","href":"https:\/\/api.w.org\/{rel}","templated":true}]}}