{"id":52,"date":"2008-08-09T00:26:14","date_gmt":"2008-08-08T22:26:14","guid":{"rendered":"http:\/\/www.lamborena.com\/?page_id=52"},"modified":"2022-01-13T21:38:53","modified_gmt":"2022-01-13T20:38:53","slug":"camara-cuerpo","status":"publish","type":"page","link":"https:\/\/www.lamborena.com\/?page_id=52","title":{"rendered":"C\u00e1mara-cuerpo"},"content":{"rendered":"<p style=\"text-align: center;\"><strong>Canon EOS 5-D MK-II+ Grip BG-E6<\/strong><\/p>\n<p style=\"text-align: center;\">ngg_shortcode_0_placeholder<\/p>\n<p><strong>Caracter\u00edsticas:<\/strong><\/p>\n<ul>\n<li>Sensor CMOS de formato completo de 21,1 Megap\u00edxeles<\/li>\n<li>Procesador DIGIC 4<\/li>\n<li>ISO hasta 25.600<\/li>\n<li>Grabaci\u00f3n de v\u00eddeo Full HD real (1080, 30 fps)<\/li>\n<li>Pantalla LCD VGA de 3,0\u201d con Visi\u00f3n en directo<\/li>\n<li>Velocidad de 3,9 fps, en JPEG<\/li>\n<li>AF en 9 puntos y 6 puntos de ayuda al AF<\/li>\n<li>Traspasa los l\u00edmites de la fotograf\u00eda.<\/li>\n<\/ul>\n<p><strong>Sensor CMOS de fotograma completo, de 21,1 Megap\u00edxeles:<\/strong><\/p>\n<p>Para captar sus trabajos fotogr\u00e1ficos con gran resoluci\u00f3n, la EOS 5D Mark II incorpora un sensor CMOS de fotograma completo. El redise\u00f1o de los p\u00edxeles minimiza el ruido, mientras que la resoluci\u00f3n de 21,1 Megap\u00edxeles supera los requisitos m\u00e1s exigentes.<\/p>\n<p><strong>DIGIC 4:<\/strong><\/p>\n<p>El procesador DIGIC 4 de Canon trabaja junto con el sensor de imagen de la EOS 5D Mark II para proporcionar una reproducci\u00f3n del color y una gradaci\u00f3n tonal imbatibles. El DIGIC 4 tambi\u00e9n permite disfrutar de tiempos de arranque inmediato, de enfoque autom\u00e1tico con Detecci\u00f3n de la Cara en el modo de Visi\u00f3n en directo y, adem\u00e1s, grabaci\u00f3n de v\u00eddeo en alta definici\u00f3n.<\/p>\n<p><strong>ISO Alta:<\/strong><\/p>\n<p>La EOS 5D Mark II dispone de sensibilidades de hasta 6.400 ISO, ampliable a una sensibilidad incre\u00edble de hasta 25.600 ISO.<\/p>\n<p><strong>Grabaci\u00f3n de v\u00eddeo Full HD:<\/strong><\/p>\n<p>La EOS 5D Mark II ofrece adicionalmente la grabaci\u00f3n de v\u00eddeo en alta definici\u00f3n real Full HD (1080) en una tarjeta de memoria, sin perder la posibilidad de captar im\u00e1genes fijas. Para la reproducci\u00f3n de video e im\u00e1genes fijas en un televisor de alta definici\u00f3n, incluye una conexi\u00f3n HDMI.<\/p>\n<p><strong>Pantalla LCD de 3,0\u201d de alta resoluci\u00f3n:<\/strong><\/p>\n<p>La pantalla LCD Clear View de 3,0\u201d con una resoluci\u00f3n de 920.000 p\u00edxeles, permite una perfecta visualizaci\u00f3n de las im\u00e1genes. El modo Live View dispone de tres tipos de AF: modo r\u00e1pido, modo Live y modo de Detecci\u00f3n de la Cara Live; este \u00faltimo fija el enfoque sobre las caras detectadas en el encuadre.<\/p>\n<p><strong>Hasta 3,9 fps:<\/strong><\/p>\n<p>La EOS 5D Mark II puede realizar disparos en serie a 3,9 fps. en JPEG sobre una tarjeta UDMA, con la \u00fanica limitaci\u00f3n de la capacidad de la tarjeta.<\/p>\n<p><strong>AF en 9 puntos m\u00e1s 6 puntos de ayuda al AF:<\/strong><\/p>\n<p>La precisi\u00f3n del enfoque autom\u00e1tico est\u00e1 asegurada gracias al sistema AF de Canon, que utiliza 9 puntos seleccionables y 6 puntos de ayuda al AF.<\/p>\n<p><strong>Sistema de Limpieza Integrada EOS:<\/strong><\/p>\n<p>El sistema integrado contra el polvo de Canon dispone de tres formas para proteger las im\u00e1genes de los efectos del polvo: repele, limpia y elimina las motas de polvo gracias al software Digital Photo Professional .<\/p>\n<p><strong>Dise\u00f1o compacto y duradero:<\/strong><\/p>\n<p>Gracias a su construcci\u00f3n en aleaci\u00f3n de magnesio, la protecci\u00f3n contra los agentes atmosf\u00e9ricos y su durabilidad de 150.000 ciclos de obturaci\u00f3n, la EOS 5D Mark II resulta ideal tanto para trabajar en estudio como en exteriores.<\/p>\n","protected":false},"excerpt":{"rendered":"<p>Canon EOS 5-D MK-II+ Grip BG-E6 Caracter\u00edsticas: Sensor CMOS de formato completo de 21,1 Megap\u00edxeles Procesador DIGIC 4 ISO hasta 25.600 Grabaci\u00f3n de v\u00eddeo Full HD real (1080, 30 fps) Pantalla LCD VGA de 3,0\u201d con Visi\u00f3n en directo Velocidad de 3,9 fps, en JPEG AF en 9 puntos y 6 puntos de ayuda al [&hellip;]<\/p>\n","protected":false},"author":1,"featured_media":0,"parent":5,"menu_order":0,"comment_status":"closed","ping_status":"closed","template":"","meta":{"ngg_post_thumbnail":0,"footnotes":""},"class_list":["post-52","page","type-page","status-publish","hentry","entry"],"_links":{"self":[{"href":"https:\/\/www.lamborena.com\/index.php?rest_route=\/wp\/v2\/pages\/52","targetHints":{"allow":["GET"]}}],"collection":[{"href":"https:\/\/www.lamborena.com\/index.php?rest_route=\/wp\/v2\/pages"}],"about":[{"href":"https:\/\/www.lamborena.com\/index.php?rest_route=\/wp\/v2\/types\/page"}],"author":[{"embeddable":true,"href":"https:\/\/www.lamborena.com\/index.php?rest_route=\/wp\/v2\/users\/1"}],"replies":[{"embeddable":true,"href":"https:\/\/www.lamborena.com\/index.php?rest_route=%2Fwp%2Fv2%2Fcomments&post=52"}],"version-history":[{"count":6,"href":"https:\/\/www.lamborena.com\/index.php?rest_route=\/wp\/v2\/pages\/52\/revisions"}],"predecessor-version":[{"id":3929,"href":"https:\/\/www.lamborena.com\/index.php?rest_route=\/wp\/v2\/pages\/52\/revisions\/3929"}],"up":[{"embeddable":true,"href":"https:\/\/www.lamborena.com\/index.php?rest_route=\/wp\/v2\/pages\/5"}],"wp:attachment":[{"href":"https:\/\/www.lamborena.com\/index.php?rest_route=%2Fwp%2Fv2%2Fmedia&parent=52"}],"curies":[{"name":"wp","href":"https:\/\/api.w.org\/{rel}","templated":true}]}}