{"id":631,"date":"2009-07-16T17:40:48","date_gmt":"2009-07-16T15:40:48","guid":{"rendered":"http:\/\/www.lamborena.com\/?page_id=631"},"modified":"2009-07-16T17:40:48","modified_gmt":"2009-07-16T15:40:48","slug":"transporte","status":"publish","type":"page","link":"https:\/\/www.lamborena.com\/?page_id=631","title":{"rendered":"Transporte"},"content":{"rendered":"<p>Para transportar mi equipo utilizo una mochila Kata HB-205 o una bandolera Kata T-214 dependiendo de la ocasi\u00f3n y de la cantidad de equipo que necesite. Aqu\u00ed pod\u00e9is ver unas im\u00e1genes de las mismas.<\/p>\n<p style=\"text-align: center;\">ngg_shortcode_0_placeholder<\/p>\n<p style=\"text-align: center;\">ngg_shortcode_1_placeholder<\/p>\n","protected":false},"excerpt":{"rendered":"<p>Para transportar mi equipo utilizo una mochila Kata HB-205 o una bandolera Kata T-214 dependiendo de la ocasi\u00f3n y de la cantidad de equipo que necesite. Aqu\u00ed pod\u00e9is ver unas im\u00e1genes de las mismas.<\/p>\n","protected":false},"author":1,"featured_media":0,"parent":5,"menu_order":0,"comment_status":"open","ping_status":"open","template":"","meta":{"ngg_post_thumbnail":0,"footnotes":""},"class_list":["post-631","page","type-page","status-publish","hentry","entry"],"_links":{"self":[{"href":"https:\/\/www.lamborena.com\/index.php?rest_route=\/wp\/v2\/pages\/631","targetHints":{"allow":["GET"]}}],"collection":[{"href":"https:\/\/www.lamborena.com\/index.php?rest_route=\/wp\/v2\/pages"}],"about":[{"href":"https:\/\/www.lamborena.com\/index.php?rest_route=\/wp\/v2\/types\/page"}],"author":[{"embeddable":true,"href":"https:\/\/www.lamborena.com\/index.php?rest_route=\/wp\/v2\/users\/1"}],"replies":[{"embeddable":true,"href":"https:\/\/www.lamborena.com\/index.php?rest_route=%2Fwp%2Fv2%2Fcomments&post=631"}],"version-history":[{"count":1,"href":"https:\/\/www.lamborena.com\/index.php?rest_route=\/wp\/v2\/pages\/631\/revisions"}],"predecessor-version":[{"id":632,"href":"https:\/\/www.lamborena.com\/index.php?rest_route=\/wp\/v2\/pages\/631\/revisions\/632"}],"up":[{"embeddable":true,"href":"https:\/\/www.lamborena.com\/index.php?rest_route=\/wp\/v2\/pages\/5"}],"wp:attachment":[{"href":"https:\/\/www.lamborena.com\/index.php?rest_route=%2Fwp%2Fv2%2Fmedia&parent=631"}],"curies":[{"name":"wp","href":"https:\/\/api.w.org\/{rel}","templated":true}]}}